{"id":78,"date":"2023-08-31T15:43:12","date_gmt":"2023-08-31T13:43:12","guid":{"rendered":"https:\/\/www.haratangen.net\/?page_id=78"},"modified":"2023-08-31T16:06:34","modified_gmt":"2023-08-31T14:06:34","slug":"bilder","status":"publish","type":"page","link":"https:\/\/www.haratangen.net\/?page_id=78","title":{"rendered":"Bilder"},"content":{"rendered":"<div class=\"wp-block-image\">\n<figure class=\"aligncenter\"><a href=\"http:\/\/haratangen.net\/wp-content\/uploads\/2014\/01\/FullSizeRender.jpg\"><img decoding=\"async\" src=\"http:\/\/haratangen.net\/wp-content\/uploads\/2014\/01\/FullSizeRender.jpg\" alt=\"\u00c4ntligen!\" class=\"wp-image-286\"\/><\/a><\/figure><\/div>\n\n\n<p><\/p>\n\n\n\n<p><strong>Bl\u00e5sning!<\/strong><\/p>\n\n\n\n<figure class=\"wp-block-image size-full\"><img loading=\"lazy\" decoding=\"async\" width=\"480\" height=\"360\" src=\"https:\/\/www.haratangen.net\/wp-content\/uploads\/2023\/08\/DSC02806.jpg\" alt=\"\" class=\"wp-image-79\" srcset=\"https:\/\/www.haratangen.net\/wp-content\/uploads\/2023\/08\/DSC02806.jpg 480w, https:\/\/www.haratangen.net\/wp-content\/uploads\/2023\/08\/DSC02806-300x225.jpg 300w\" sizes=\"auto, (max-width: 480px) 100vw, 480px\" \/><figcaption class=\"wp-element-caption\">Vid Carlstr\u00f6ms<\/figcaption><\/figure>\n\n\n\n<figure class=\"wp-block-image size-full\"><img loading=\"lazy\" decoding=\"async\" width=\"480\" height=\"360\" src=\"https:\/\/www.haratangen.net\/wp-content\/uploads\/2023\/08\/DSC02799.jpg\" alt=\"\" class=\"wp-image-80\" srcset=\"https:\/\/www.haratangen.net\/wp-content\/uploads\/2023\/08\/DSC02799.jpg 480w, https:\/\/www.haratangen.net\/wp-content\/uploads\/2023\/08\/DSC02799-300x225.jpg 300w\" sizes=\"auto, (max-width: 480px) 100vw, 480px\" \/><figcaption class=\"wp-element-caption\">Vid Carlshed<\/figcaption><\/figure>\n\n\n\n<figure class=\"wp-block-image size-full\"><img loading=\"lazy\" decoding=\"async\" width=\"480\" height=\"360\" src=\"https:\/\/www.haratangen.net\/wp-content\/uploads\/2023\/08\/DSC02795.jpg\" alt=\"\" class=\"wp-image-81\" srcset=\"https:\/\/www.haratangen.net\/wp-content\/uploads\/2023\/08\/DSC02795.jpg 480w, https:\/\/www.haratangen.net\/wp-content\/uploads\/2023\/08\/DSC02795-300x225.jpg 300w\" sizes=\"auto, (max-width: 480px) 100vw, 480px\" \/><figcaption class=\"wp-element-caption\">Vid Carlshed<\/figcaption><\/figure>\n\n\n\n<p><strong>Gr\u00e4vning p\u00e5g\u00e5r!<\/strong><\/p>\n\n\n\n<figure class=\"wp-block-image size-full is-resized\"><img loading=\"lazy\" decoding=\"async\" src=\"https:\/\/www.haratangen.net\/wp-content\/uploads\/2023\/08\/002.jpg\" alt=\"\" class=\"wp-image-84\" style=\"width:610px;height:768px\" width=\"610\" height=\"768\"\/><figcaption class=\"wp-element-caption\">&#8221;Aktiv medlem&#8221;<\/figcaption><\/figure>\n\n\n\n<figure class=\"wp-block-image size-full\"><img loading=\"lazy\" decoding=\"async\" width=\"1024\" height=\"683\" src=\"https:\/\/www.haratangen.net\/wp-content\/uploads\/2023\/08\/004.jpg\" alt=\"\" class=\"wp-image-85\" srcset=\"https:\/\/www.haratangen.net\/wp-content\/uploads\/2023\/08\/004.jpg 1024w, https:\/\/www.haratangen.net\/wp-content\/uploads\/2023\/08\/004-300x200.jpg 300w, https:\/\/www.haratangen.net\/wp-content\/uploads\/2023\/08\/004-768x512.jpg 768w\" sizes=\"auto, (max-width: 1024px) 100vw, 1024px\" \/><figcaption class=\"wp-element-caption\">Korsning av v\u00e4g &#8211; Ryd<\/figcaption><\/figure>\n\n\n\n<figure class=\"wp-block-image size-full\"><img loading=\"lazy\" decoding=\"async\" width=\"1024\" height=\"683\" src=\"https:\/\/www.haratangen.net\/wp-content\/uploads\/2023\/08\/006.jpg\" alt=\"\" class=\"wp-image-86\" srcset=\"https:\/\/www.haratangen.net\/wp-content\/uploads\/2023\/08\/006.jpg 1024w, https:\/\/www.haratangen.net\/wp-content\/uploads\/2023\/08\/006-300x200.jpg 300w, https:\/\/www.haratangen.net\/wp-content\/uploads\/2023\/08\/006-768x512.jpg 768w\" sizes=\"auto, (max-width: 1024px) 100vw, 1024px\" \/><figcaption class=\"wp-element-caption\">B\u00e4ttre material fylls i d\u00e4r som kr\u00e4vs<\/figcaption><\/figure>\n\n\n\n<figure class=\"wp-block-image size-full\"><img loading=\"lazy\" decoding=\"async\" width=\"1024\" height=\"683\" src=\"https:\/\/www.haratangen.net\/wp-content\/uploads\/2023\/08\/010.jpg\" alt=\"\" class=\"wp-image-87\" srcset=\"https:\/\/www.haratangen.net\/wp-content\/uploads\/2023\/08\/010.jpg 1024w, https:\/\/www.haratangen.net\/wp-content\/uploads\/2023\/08\/010-300x200.jpg 300w, https:\/\/www.haratangen.net\/wp-content\/uploads\/2023\/08\/010-768x512.jpg 768w\" sizes=\"auto, (max-width: 1024px) 100vw, 1024px\" \/><figcaption class=\"wp-element-caption\">Den &#8221;stenrikaste&#8221; i f\u00f6reningen finns i Lindhult<\/figcaption><\/figure>\n\n\n\n<figure class=\"wp-block-image size-full\"><img loading=\"lazy\" decoding=\"async\" width=\"1024\" height=\"683\" src=\"https:\/\/www.haratangen.net\/wp-content\/uploads\/2023\/08\/011.jpg\" alt=\"\" class=\"wp-image-88\" srcset=\"https:\/\/www.haratangen.net\/wp-content\/uploads\/2023\/08\/011.jpg 1024w, https:\/\/www.haratangen.net\/wp-content\/uploads\/2023\/08\/011-300x200.jpg 300w, https:\/\/www.haratangen.net\/wp-content\/uploads\/2023\/08\/011-768x512.jpg 768w\" sizes=\"auto, (max-width: 1024px) 100vw, 1024px\" \/><figcaption class=\"wp-element-caption\">Resurser finns n\u00e4r det beh\u00f6vs<\/figcaption><\/figure>\n\n\n\n<figure class=\"wp-block-image size-full\"><img loading=\"lazy\" decoding=\"async\" width=\"1024\" height=\"683\" src=\"https:\/\/www.haratangen.net\/wp-content\/uploads\/2023\/08\/019.jpg\" alt=\"\" class=\"wp-image-89\" srcset=\"https:\/\/www.haratangen.net\/wp-content\/uploads\/2023\/08\/019.jpg 1024w, https:\/\/www.haratangen.net\/wp-content\/uploads\/2023\/08\/019-300x200.jpg 300w, https:\/\/www.haratangen.net\/wp-content\/uploads\/2023\/08\/019-768x512.jpg 768w\" sizes=\"auto, (max-width: 1024px) 100vw, 1024px\" \/><figcaption class=\"wp-element-caption\">H\u00e4rligt decemberv\u00e4der &#8211; Karlshed<\/figcaption><\/figure>\n\n\n\n<figure class=\"wp-block-image size-full\"><img loading=\"lazy\" decoding=\"async\" width=\"1024\" height=\"683\" src=\"https:\/\/www.haratangen.net\/wp-content\/uploads\/2023\/08\/022.jpg\" alt=\"\" class=\"wp-image-91\" srcset=\"https:\/\/www.haratangen.net\/wp-content\/uploads\/2023\/08\/022.jpg 1024w, https:\/\/www.haratangen.net\/wp-content\/uploads\/2023\/08\/022-300x200.jpg 300w, https:\/\/www.haratangen.net\/wp-content\/uploads\/2023\/08\/022-768x512.jpg 768w\" sizes=\"auto, (max-width: 1024px) 100vw, 1024px\" \/><figcaption class=\"wp-element-caption\">Tryckning under Skutesj\u00f6v\u00e4gen<\/figcaption><\/figure>\n\n\n\n<figure class=\"wp-block-image size-full\"><img loading=\"lazy\" decoding=\"async\" width=\"1024\" height=\"683\" src=\"https:\/\/www.haratangen.net\/wp-content\/uploads\/2023\/08\/024.jpg\" alt=\"\" class=\"wp-image-92\" srcset=\"https:\/\/www.haratangen.net\/wp-content\/uploads\/2023\/08\/024.jpg 1024w, https:\/\/www.haratangen.net\/wp-content\/uploads\/2023\/08\/024-300x200.jpg 300w, https:\/\/www.haratangen.net\/wp-content\/uploads\/2023\/08\/024-768x512.jpg 768w\" sizes=\"auto, (max-width: 1024px) 100vw, 1024px\" \/><figcaption class=\"wp-element-caption\">Trafikvakter beh\u00f6vdes en dag &#8211; Skutesj\u00f6v\u00e4gen<\/figcaption><\/figure>\n\n\n\n<figure class=\"wp-block-image size-full\"><img loading=\"lazy\" decoding=\"async\" width=\"1024\" height=\"683\" src=\"https:\/\/www.haratangen.net\/wp-content\/uploads\/2023\/08\/027.jpg\" alt=\"\" class=\"wp-image-94\" srcset=\"https:\/\/www.haratangen.net\/wp-content\/uploads\/2023\/08\/027.jpg 1024w, https:\/\/www.haratangen.net\/wp-content\/uploads\/2023\/08\/027-300x200.jpg 300w, https:\/\/www.haratangen.net\/wp-content\/uploads\/2023\/08\/027-768x512.jpg 768w\" sizes=\"auto, (max-width: 1024px) 100vw, 1024px\" \/><figcaption class=\"wp-element-caption\">Pl\u00f6jning l\u00e4ngs Skutesj\u00f6v\u00e4gen<\/figcaption><\/figure>\n\n\n\n<figure class=\"wp-block-image size-full\"><img loading=\"lazy\" decoding=\"async\" width=\"480\" height=\"320\" src=\"https:\/\/www.haratangen.net\/wp-content\/uploads\/2023\/08\/DSC01545.jpg\" alt=\"\" class=\"wp-image-95\" srcset=\"https:\/\/www.haratangen.net\/wp-content\/uploads\/2023\/08\/DSC01545.jpg 480w, https:\/\/www.haratangen.net\/wp-content\/uploads\/2023\/08\/DSC01545-300x200.jpg 300w\" sizes=\"auto, (max-width: 480px) 100vw, 480px\" \/><figcaption class=\"wp-element-caption\">Ingr\u00e4vning tr\u00e4dg\u00e5rd<\/figcaption><\/figure>\n","protected":false},"excerpt":{"rendered":"<p>Bl\u00e5sning! Gr\u00e4vning p\u00e5g\u00e5r!<\/p>\n","protected":false},"author":1,"featured_media":0,"parent":0,"menu_order":0,"comment_status":"closed","ping_status":"closed","template":"","meta":{"_monsterinsights_skip_tracking":false,"_monsterinsights_sitenote_active":false,"_monsterinsights_sitenote_note":"","_monsterinsights_sitenote_category":0,"footnotes":""},"class_list":["post-78","page","type-page","status-publish","hentry","entry"],"_links":{"self":[{"href":"https:\/\/www.haratangen.net\/index.php?rest_route=\/wp\/v2\/pages\/78","targetHints":{"allow":["GET"]}}],"collection":[{"href":"https:\/\/www.haratangen.net\/index.php?rest_route=\/wp\/v2\/pages"}],"about":[{"href":"https:\/\/www.haratangen.net\/index.php?rest_route=\/wp\/v2\/types\/page"}],"author":[{"embeddable":true,"href":"https:\/\/www.haratangen.net\/index.php?rest_route=\/wp\/v2\/users\/1"}],"replies":[{"embeddable":true,"href":"https:\/\/www.haratangen.net\/index.php?rest_route=%2Fwp%2Fv2%2Fcomments&post=78"}],"version-history":[{"count":4,"href":"https:\/\/www.haratangen.net\/index.php?rest_route=\/wp\/v2\/pages\/78\/revisions"}],"predecessor-version":[{"id":96,"href":"https:\/\/www.haratangen.net\/index.php?rest_route=\/wp\/v2\/pages\/78\/revisions\/96"}],"wp:attachment":[{"href":"https:\/\/www.haratangen.net\/index.php?rest_route=%2Fwp%2Fv2%2Fmedia&parent=78"}],"curies":[{"name":"wp","href":"https:\/\/api.w.org\/{rel}","templated":true}]}}