{"id":69,"date":"2023-08-31T13:49:21","date_gmt":"2023-08-31T11:49:21","guid":{"rendered":"https:\/\/www.haratangen.net\/?page_id=69"},"modified":"2024-08-17T21:56:05","modified_gmt":"2024-08-17T19:56:05","slug":"driftsinformation","status":"publish","type":"page","link":"https:\/\/www.haratangen.net\/?page_id=69","title":{"rendered":"Driftsinformation"},"content":{"rendered":"\n<p>Vid st\u00f6rning i n\u00e5gon av komponenterna TV\/Bredband\/Telefoni ska Du som medlem anm\u00e4la detta till Din tj\u00e4nsteleverant\u00f6r. Leverant\u00f6ren kopplar in andra akt\u00f6rer, n\u00e4r behov f\u00f6religger. Skicka samtidigt ett mail med information om st\u00f6rningen till <a href=\"mailto:styrelsen@haratangen.net\">styrelsen@haratangen.net<\/a>, s\u00e5 f\u00f6reningen f\u00e5r veta omfattningen av p\u00e5g\u00e5ende st\u00f6rning\/ar.<\/p>\n\n\n\n<p>Vid skada p\u00e5 kanalisation eller sk\u00e5p kontakta <strong>omg\u00e5ende<\/strong> n\u00e5gon i styrelsen. Skicka meddelande till <a href=\"mailto:styrelsen@haratangen.net\">styrelsen@haratangen.net<\/a>.<\/p>\n\n\n\n<p style=\"font-style:italic;font-weight:400\"><strong>Aktuell driftsinformation 2024-08-17<\/strong><br>Inga k\u00e4nda problem<\/p>\n","protected":false},"excerpt":{"rendered":"<p>Vid st\u00f6rning i n\u00e5gon av komponenterna TV\/Bredband\/Telefoni ska Du som medlem anm\u00e4la detta till Din tj\u00e4nsteleverant\u00f6r. Leverant\u00f6ren kopplar in andra akt\u00f6rer, n\u00e4r behov f\u00f6religger. Skicka samtidigt ett mail med information om st\u00f6rningen till styrelsen@haratangen.net, s\u00e5 f\u00f6reningen f\u00e5r veta omfattningen av p\u00e5g\u00e5ende st\u00f6rning\/ar. Vid skada p\u00e5 kanalisation eller sk\u00e5p kontakta omg\u00e5ende n\u00e5gon i styrelsen. Skicka meddelande&hellip; <a class=\"more-link\" href=\"https:\/\/www.haratangen.net\/?page_id=69\">Forts\u00e4tt l\u00e4sa <span class=\"screen-reader-text\">Driftsinformation<\/span><\/a><\/p>\n","protected":false},"author":1,"featured_media":0,"parent":0,"menu_order":0,"comment_status":"closed","ping_status":"closed","template":"","meta":{"_monsterinsights_skip_tracking":false,"_monsterinsights_sitenote_active":false,"_monsterinsights_sitenote_note":"","_monsterinsights_sitenote_category":0,"footnotes":""},"class_list":["post-69","page","type-page","status-publish","hentry","entry"],"_links":{"self":[{"href":"https:\/\/www.haratangen.net\/index.php?rest_route=\/wp\/v2\/pages\/69","targetHints":{"allow":["GET"]}}],"collection":[{"href":"https:\/\/www.haratangen.net\/index.php?rest_route=\/wp\/v2\/pages"}],"about":[{"href":"https:\/\/www.haratangen.net\/index.php?rest_route=\/wp\/v2\/types\/page"}],"author":[{"embeddable":true,"href":"https:\/\/www.haratangen.net\/index.php?rest_route=\/wp\/v2\/users\/1"}],"replies":[{"embeddable":true,"href":"https:\/\/www.haratangen.net\/index.php?rest_route=%2Fwp%2Fv2%2Fcomments&post=69"}],"version-history":[{"count":5,"href":"https:\/\/www.haratangen.net\/index.php?rest_route=\/wp\/v2\/pages\/69\/revisions"}],"predecessor-version":[{"id":290,"href":"https:\/\/www.haratangen.net\/index.php?rest_route=\/wp\/v2\/pages\/69\/revisions\/290"}],"wp:attachment":[{"href":"https:\/\/www.haratangen.net\/index.php?rest_route=%2Fwp%2Fv2%2Fmedia&parent=69"}],"curies":[{"name":"wp","href":"https:\/\/api.w.org\/{rel}","templated":true}]}}