{"id":51,"date":"2023-08-31T08:49:08","date_gmt":"2023-08-31T06:49:08","guid":{"rendered":"https:\/\/www.haratangen.net\/?page_id=51"},"modified":"2025-11-26T20:49:30","modified_gmt":"2025-11-26T19:49:30","slug":"dokument","status":"publish","type":"page","link":"https:\/\/www.haratangen.net\/?page_id=51","title":{"rendered":"Dokument"},"content":{"rendered":"\n<p>De dokument som \u00e4r viktiga f\u00f6r f\u00f6reningen finns samlade h\u00e4r under:<\/p>\n\n\n\n<p><a href=\"https:\/\/www.haratangen.net\/wp-content\/uploads\/2025\/08\/STADGAR-FOR-BREDBAND-i-Haratangen-Fiberforening-Ekonomisk-Forening.pdf\" data-type=\"attachment\" data-id=\"308\">G\u00e4llande stadgar<\/a><\/p>\n\n\n\n<p><a href=\"https:\/\/haratangen.net\/wp-content\/uploads\/2014\/06\/Karta-utvidgat-omr\u00e5de.pdf\">Omr\u00e5deskarta<\/a><\/p>\n\n\n\n<p><a href=\"https:\/\/www.haratangen.net\/wp-content\/uploads\/2025\/11\/Riktlinjer-persondatahantering-rev-2025-04-08.pdf\">Riktlinjer f\u00f6r hantering av personuppgifter<\/a><\/p>\n\n\n\n<p><a href=\"https:\/\/www.haratangen.net\/wp-content\/uploads\/2025\/11\/Riktlinjer-vid-skada-pa-kanalisation.pdf\">Riktlinjer vid skada p\u00e5 kanalisation<\/a><\/p>\n\n\n\n<h2 class=\"wp-block-heading\">Ber\u00e4ttelser och redovisningar<\/h2>\n\n\n\n<ul class=\"wp-block-list\">\n<li><a href=\"https:\/\/www.haratangen.net\/wp-content\/uploads\/2025\/08\/Verksamhetsberattelse-2024.pdf\" data-type=\"attachment\" data-id=\"318\">Verksamhetsber\u00e4ttelse 2024<\/a><\/li>\n<\/ul>\n\n\n\n<ul class=\"wp-block-list\">\n<li><a href=\"https:\/\/www.haratangen.net\/wp-content\/uploads\/2025\/08\/Revisionsberattelse-2024.pdf\" data-type=\"attachment\" data-id=\"319\">Revisionsber\u00e4ttelse 2024<\/a><\/li>\n<\/ul>\n\n\n\n<ul class=\"wp-block-list\">\n<li><a href=\"https:\/\/www.haratangen.net\/wp-content\/uploads\/2024\/12\/Verksamhetsberattelse-2023.pdf\" data-type=\"attachment\" data-id=\"309\">\u00c5rsber\u00e4ttelse 2023<\/a><\/li>\n\n\n\n<li><a href=\"https:\/\/www.haratangen.net\/wp-content\/uploads\/2024\/08\/Revisionsberattelse-2023.pdf\" data-type=\"attachment\" data-id=\"297\">Revisionsber\u00e4ttelse 2023<\/a><\/li>\n<\/ul>\n\n\n\n<ul class=\"wp-block-list\">\n<li><a href=\"https:\/\/www.haratangen.net\/wp-content\/uploads\/2023\/09\/Arsberattelse-2022.pdf\" data-type=\"attachment\" data-id=\"268\">\u00c5rsber\u00e4ttelse 2022<\/a><\/li>\n\n\n\n<li><a href=\"https:\/\/www.haratangen.net\/wp-content\/uploads\/2023\/09\/Revisionsberattelse-2022.pdf\" data-type=\"attachment\" data-id=\"265\">Revisionsber\u00e4ttelse 2022<\/a><\/li>\n\n\n\n<li><a href=\"https:\/\/haratangen.net\/wp-content\/uploads\/2022\/05\/\u00c5rsber\u00e4ttelse-2021.pdf\">\u00c5rsber\u00e4ttelse 2021<\/a><\/li>\n\n\n\n<li><a href=\"https:\/\/haratangen.net\/wp-content\/uploads\/2022\/05\/Revisionsber\u00e4ttelse-2021.pdf\">Revisionsber\u00e4ttelse 2021<\/a><\/li>\n\n\n\n<li><a href=\"https:\/\/haratangen.net\/wp-content\/uploads\/2021\/04\/\u00c5rsber\u00e4ttelse-2020.pdf\">\u00c5rsber\u00e4ttelse 2020<\/a><\/li>\n\n\n\n<li><a href=\"https:\/\/haratangen.net\/wp-content\/uploads\/2021\/04\/Revisionsber\u00e4ttelse-2020.pdf\">Revisionsber\u00e4ttelse 2020<\/a><\/li>\n\n\n\n<li><a href=\"https:\/\/haratangen.net\/wp-content\/uploads\/2020\/07\/\u00c5rsber\u00e4ttelse-2019.pdf\">\u00c5rsber\u00e4ttelse 2019<\/a><\/li>\n\n\n\n<li><a href=\"https:\/\/haratangen.net\/wp-content\/uploads\/2020\/07\/Revisionsber\u00e4ttelse-2019.pdf\">Revisionsber\u00e4ttelse 2019<\/a><\/li>\n\n\n\n<li><a href=\"https:\/\/haratangen.net\/wp-content\/uploads\/2019\/04\/\u00c5rsber\u00e4ttelse-2018.pdf\">\u00c5rsber\u00e4ttelse 2018<\/a><\/li>\n\n\n\n<li><a href=\"https:\/\/haratangen.net\/wp-content\/uploads\/2019\/04\/Revisionsber\u00e4ttelse-2018.pdf\">Revisionsber\u00e4ttelse 2018<\/a><\/li>\n\n\n\n<li><a href=\"https:\/\/haratangen.net\/wp-content\/uploads\/2018\/09\/\u00c5rsber\u00e4ttelse-2017.pdf\">\u00c5rsber\u00e4ttelse 2017<\/a><\/li>\n\n\n\n<li><a href=\"https:\/\/haratangen.net\/wp-content\/uploads\/2018\/09\/Revisionsber\u00e4ttelse-2017.pdf\">Revisionsber\u00e4ttelse 2017<\/a><\/li>\n\n\n\n<li><a href=\"https:\/\/haratangen.net\/wp-content\/uploads\/2017\/04\/\u00c5rsber\u00e4ttelse-2016.pdf\">\u00c5rsber\u00e4ttelse 2016<\/a><\/li>\n\n\n\n<li><a href=\"https:\/\/haratangen.net\/wp-content\/uploads\/2017\/04\/Revisionsber\u00e4ttelse-2016.pdf\">Revisionsber\u00e4ttelse 2016<\/a><\/li>\n\n\n\n<li><a href=\"https:\/\/haratangen.net\/wp-content\/uploads\/2016\/12\/\u00c5rsber\u00e4ttelse-f\u00f6r-2015.pdf\">\u00c5rsber\u00e4ttelse 2015<\/a><\/li>\n\n\n\n<li><a href=\"https:\/\/haratangen.net\/wp-content\/uploads\/2016\/12\/Revisionsber\u00e4ttelse-2015.pdf\">Revisionsber\u00e4ttelse 2015<\/a><\/li>\n\n\n\n<li><a href=\"https:\/\/haratangen.net\/wp-content\/uploads\/2015\/05\/\u00c5rs-och-revisionsber\u00e4ttelse-2014.pdf\">\u00c5rsredovisning och revisionsber\u00e4ttelse 2014<\/a><\/li>\n\n\n\n<li><a href=\"https:\/\/haratangen.net\/wp-content\/uploads\/2015\/05\/\u00c5rsber\u00e4ttelse-2014-sign.pdf\">\u00c5rsber\u00e4ttelse 2014<\/a><\/li>\n<\/ul>\n\n\n\n<h2 class=\"wp-block-heading\">St\u00e4mmoprotokoll<\/h2>\n\n\n\n<ul class=\"wp-block-list\">\n<li><a href=\"https:\/\/www.haratangen.net\/wp-content\/uploads\/2025\/08\/Arsstamma-Haratangen-fiberforening-2025.pdf\" data-type=\"attachment\" data-id=\"316\">St\u00e4mma 2025-05-06<\/a><\/li>\n<\/ul>\n\n\n\n<ul class=\"wp-block-list\">\n<li><a href=\"https:\/\/www.haratangen.net\/wp-content\/uploads\/2024\/08\/Protokoll-arsstamma-2024.pdf\" data-type=\"attachment\" data-id=\"298\">St\u00e4mma 2024-05-07<\/a><\/li>\n\n\n\n<li><a href=\"https:\/\/haratangen.net\/wp-content\/uploads\/2022\/06\/Protokoll-\u00e5rsst\u00e4mma-2022-04-26.pdf\">St\u00e4mma 2022-04-26<\/a><\/li>\n\n\n\n<li><a href=\"https:\/\/haratangen.net\/wp-content\/uploads\/2021\/04\/St\u00e4mmoprotokoll-2021-04-14.pdf\">St\u00e4mma 2021-04-14<\/a><\/li>\n\n\n\n<li><a href=\"https:\/\/haratangen.net\/wp-content\/uploads\/2020\/07\/Protokoll-\u00c5rsst\u00e4mma-20200421.pdf\">St\u00e4mma 2020-04-21<\/a><\/li>\n\n\n\n<li><a href=\"https:\/\/haratangen.net\/wp-content\/uploads\/2019\/04\/Protokoll-\u00c5rsst\u00e4mma-2019-04-09.pdf\">St\u00e4mma 2019-04-09<\/a><\/li>\n\n\n\n<li><a href=\"https:\/\/haratangen.net\/wp-content\/uploads\/2018\/09\/Protokoll-\u00c5rsst\u00e4mma-20180419.pdf\">St\u00e4mma 2018-04-19<\/a><\/li>\n\n\n\n<li><a href=\"https:\/\/haratangen.net\/wp-content\/uploads\/2017\/04\/Protokoll-\u00c5rsst\u00e4mma-20170405.pdf\">St\u00e4mma 2017-04-05<\/a><\/li>\n\n\n\n<li><a href=\"https:\/\/haratangen.net\/wp-content\/uploads\/2016\/12\/Protokoll-\u00e5rsst\u00e4mma-20160421.pdf\">St\u00e4mma 2016-04-21<\/a><\/li>\n\n\n\n<li><a href=\"https:\/\/haratangen.net\/wp-content\/uploads\/2015\/05\/St\u00e4mmoprotokoll-2015-04-20.pdf\">St\u00e4mma 2015-04-20<\/a><\/li>\n\n\n\n<li><a href=\"https:\/\/haratangen.net\/wp-content\/uploads\/2014\/09\/Stammoprotokoll_2014-04-23.pdf\">St\u00e4mma 2014-04-23<\/a><\/li>\n\n\n\n<li><a href=\"https:\/\/haratangen.net\/wp-content\/uploads\/2014\/01\/St\u00e4mmoprotokoll-2013-05-29.pdf\">St\u00e4mma 2013-05-29<\/a><\/li>\n\n\n\n<li><a href=\"https:\/\/haratangen.net\/wp-content\/uploads\/2013\/06\/St\u00e4mmoprotokoll_130418.pdf\">St\u00e4mma 2013-04-18<\/a><\/li>\n<\/ul>\n\n\n\n<h2 class=\"wp-block-heading\">Instruktioner f\u00f6r anslutning av fiber<\/h2>\n\n\n\n<ul class=\"wp-block-list\">\n<li><a href=\"https:\/\/haratangen.net\/wp-content\/uploads\/2014\/02\/Fastighetsinstallation-plast-2013-06-14.pdf\">Fastighetsinstallation plast 2013-06-16<\/a><\/li>\n\n\n\n<li><a href=\"https:\/\/haratangen.net\/wp-content\/uploads\/2014\/02\/Bilaga-8-Fastighetsanslutning.pdf\">Fastighetsanslutning &#8211; Bilaga 8<\/a><\/li>\n<\/ul>\n","protected":false},"excerpt":{"rendered":"<p>De dokument som \u00e4r viktiga f\u00f6r f\u00f6reningen finns samlade h\u00e4r under: G\u00e4llande stadgar Omr\u00e5deskarta Riktlinjer f\u00f6r hantering av personuppgifter Riktlinjer vid skada p\u00e5 kanalisation Ber\u00e4ttelser och redovisningar St\u00e4mmoprotokoll Instruktioner f\u00f6r anslutning av fiber<\/p>\n","protected":false},"author":1,"featured_media":0,"parent":0,"menu_order":0,"comment_status":"closed","ping_status":"closed","template":"","meta":{"_monsterinsights_skip_tracking":false,"_monsterinsights_sitenote_active":false,"_monsterinsights_sitenote_note":"","_monsterinsights_sitenote_category":0,"footnotes":""},"class_list":["post-51","page","type-page","status-publish","hentry","entry"],"_links":{"self":[{"href":"https:\/\/www.haratangen.net\/index.php?rest_route=\/wp\/v2\/pages\/51","targetHints":{"allow":["GET"]}}],"collection":[{"href":"https:\/\/www.haratangen.net\/index.php?rest_route=\/wp\/v2\/pages"}],"about":[{"href":"https:\/\/www.haratangen.net\/index.php?rest_route=\/wp\/v2\/types\/page"}],"author":[{"embeddable":true,"href":"https:\/\/www.haratangen.net\/index.php?rest_route=\/wp\/v2\/users\/1"}],"replies":[{"embeddable":true,"href":"https:\/\/www.haratangen.net\/index.php?rest_route=%2Fwp%2Fv2%2Fcomments&post=51"}],"version-history":[{"count":6,"href":"https:\/\/www.haratangen.net\/index.php?rest_route=\/wp\/v2\/pages\/51\/revisions"}],"predecessor-version":[{"id":330,"href":"https:\/\/www.haratangen.net\/index.php?rest_route=\/wp\/v2\/pages\/51\/revisions\/330"}],"wp:attachment":[{"href":"https:\/\/www.haratangen.net\/index.php?rest_route=%2Fwp%2Fv2%2Fmedia&parent=51"}],"curies":[{"name":"wp","href":"https:\/\/api.w.org\/{rel}","templated":true}]}}