{"id":260,"date":"2023-09-03T18:26:54","date_gmt":"2023-09-03T16:26:54","guid":{"rendered":"https:\/\/www.haratangen.net\/?page_id=260"},"modified":"2023-09-03T18:26:54","modified_gmt":"2023-09-03T16:26:54","slug":"utrustning","status":"publish","type":"page","link":"https:\/\/www.haratangen.net\/?page_id=260","title":{"rendered":"Utrustning"},"content":{"rendered":"<div class=\"wp-block-image\">\n<figure class=\"aligncenter\"><a href=\"http:\/\/haratangen.net\/wp-content\/uploads\/2014\/10\/RC-CP9.png\"><img decoding=\"async\" src=\"http:\/\/haratangen.net\/wp-content\/uploads\/2014\/10\/RC-CP9.png\" alt=\"RC-CP9\" class=\"wp-image-264\"\/><\/a><\/figure><\/div>\n\n\n<p>CPE monteras av Transtema, den firma som b\u00e5de bl\u00e5ser och svetsar fibern, inne i Ditt hus p\u00e5 den plats dit Du dragit inomhusfibern, dvs den fiberkabel som kommer ur h\u00e5let i v\u00e4ggen. Det tas inte ut n\u00e5gon s\u00e4rskild kostnad f\u00f6r just detta.<\/p>\n\n\n<div class=\"wp-block-image\">\n<figure class=\"aligncenter\"><a href=\"http:\/\/haratangen.net\/wp-content\/uploads\/2014\/10\/Router.pdf\"><img decoding=\"async\" src=\"http:\/\/haratangen.net\/wp-content\/uploads\/2014\/10\/Router.png\" alt=\"Router\" class=\"wp-image-474\"\/><\/a><\/figure><\/div>\n\n<div class=\"wp-block-image\">\n<figure class=\"aligncenter\"><a href=\"http:\/\/haratangen.net\/wp-content\/uploads\/2014\/10\/Tv-box.pdf\"><img decoding=\"async\" src=\"http:\/\/haratangen.net\/wp-content\/uploads\/2014\/10\/Tv-box.png\" alt=\"Tv-box\" class=\"wp-image-475\"\/><\/a><\/figure><\/div>","protected":false},"excerpt":{"rendered":"<p>CPE monteras av Transtema, den firma som b\u00e5de bl\u00e5ser och svetsar fibern, inne i Ditt hus p\u00e5 den plats dit Du dragit inomhusfibern, dvs den fiberkabel som kommer ur h\u00e5let i v\u00e4ggen. Det tas inte ut n\u00e5gon s\u00e4rskild kostnad f\u00f6r just detta.<\/p>\n","protected":false},"author":1,"featured_media":0,"parent":0,"menu_order":0,"comment_status":"closed","ping_status":"closed","template":"","meta":{"_monsterinsights_skip_tracking":false,"_monsterinsights_sitenote_active":false,"_monsterinsights_sitenote_note":"","_monsterinsights_sitenote_category":0,"footnotes":""},"class_list":["post-260","page","type-page","status-publish","hentry","entry"],"_links":{"self":[{"href":"https:\/\/www.haratangen.net\/index.php?rest_route=\/wp\/v2\/pages\/260","targetHints":{"allow":["GET"]}}],"collection":[{"href":"https:\/\/www.haratangen.net\/index.php?rest_route=\/wp\/v2\/pages"}],"about":[{"href":"https:\/\/www.haratangen.net\/index.php?rest_route=\/wp\/v2\/types\/page"}],"author":[{"embeddable":true,"href":"https:\/\/www.haratangen.net\/index.php?rest_route=\/wp\/v2\/users\/1"}],"replies":[{"embeddable":true,"href":"https:\/\/www.haratangen.net\/index.php?rest_route=%2Fwp%2Fv2%2Fcomments&post=260"}],"version-history":[{"count":1,"href":"https:\/\/www.haratangen.net\/index.php?rest_route=\/wp\/v2\/pages\/260\/revisions"}],"predecessor-version":[{"id":261,"href":"https:\/\/www.haratangen.net\/index.php?rest_route=\/wp\/v2\/pages\/260\/revisions\/261"}],"wp:attachment":[{"href":"https:\/\/www.haratangen.net\/index.php?rest_route=%2Fwp%2Fv2%2Fmedia&parent=260"}],"curies":[{"name":"wp","href":"https:\/\/api.w.org\/{rel}","templated":true}]}}